{"id":284,"date":"2024-09-16T16:53:28","date_gmt":"2024-09-16T14:53:28","guid":{"rendered":"https:\/\/jeremyfrombarcelona.com\/?page_id=284"},"modified":"2024-10-29T14:05:51","modified_gmt":"2024-10-29T13:05:51","slug":"politica-de-cookies","status":"publish","type":"page","link":"https:\/\/jeremyfrombarcelona.com\/es\/politica-de-cookies\/","title":{"rendered":"Pol\u00edtica de Cookies"},"content":{"rendered":"[vc_row type=\u00bbin_container\u00bb full_screen_row_position=\u00bbmiddle\u00bb column_margin=\u00bbdefault\u00bb column_direction=\u00bbdefault\u00bb column_direction_tablet=\u00bbdefault\u00bb column_direction_phone=\u00bbdefault\u00bb scene_position=\u00bbcenter\u00bb text_color=\u00bbdark\u00bb text_align=\u00bbleft\u00bb row_border_radius=\u00bbnone\u00bb row_border_radius_applies=\u00bbbg\u00bb overflow=\u00bbvisible\u00bb overlay_strength=\u00bb0.3&#8243; gradient_direction=\u00bbleft_to_right\u00bb shape_divider_position=\u00bbbottom\u00bb bg_image_animation=\u00bbnone\u00bb][vc_column column_padding=\u00bbno-extra-padding\u00bb column_padding_tablet=\u00bbinherit\u00bb column_padding_phone=\u00bbinherit\u00bb column_padding_position=\u00bball\u00bb column_element_spacing=\u00bbdefault\u00bb background_color_opacity=\u00bb1&#8243; background_hover_color_opacity=\u00bb1&#8243; column_shadow=\u00bbnone\u00bb column_border_radius=\u00bbnone\u00bb column_link_target=\u00bb_self\u00bb column_position=\u00bbdefault\u00bb gradient_direction=\u00bbleft_to_right\u00bb overlay_strength=\u00bb0.3&#8243; width=\u00bb1\/1&#8243; tablet_width_inherit=\u00bbdefault\u00bb tablet_text_alignment=\u00bbdefault\u00bb phone_text_alignment=\u00bbdefault\u00bb animation_type=\u00bbdefault\u00bb bg_image_animation=\u00bbnone\u00bb border_type=\u00bbsimple\u00bb column_border_width=\u00bbnone\u00bb column_border_style=\u00bbsolid\u00bb][vc_column_text]\n<h1>Pol\u00edtica de Cookies<\/h1>\n<p>\u00daltima actualizaci\u00f3n: 01\/10\/2024<\/p>\n<ol>\n<li>\n<h3>\u00bfQu\u00e9 son las Cookies?<\/h3>\n<\/li>\n<\/ol>\n<p><span style=\"font-weight: 400;\">Las cookies son peque\u00f1os archivos de texto que se colocan en tu dispositivo cuando visitas un sitio web. Permiten al sitio web reconocer tu dispositivo y recordar tus preferencias o acciones durante un per\u00edodo de tiempo, como tu idioma preferido o los art\u00edculos en tu carrito de compras.<\/span><\/p>\n<ol start=\"2\">\n<li>\n<h3>\u00bfC\u00f3mo Utilizamos las Cookies?<\/h3>\n<\/li>\n<\/ol>\n<p><span style=\"font-weight: 400;\">Utilizamos cookies para varias finalidades:<\/span><\/p>\n<ul>\n<li style=\"font-weight: 400;\" aria-level=\"1\">Cookies Esenciales<span style=\"font-weight: 400;\">: Estas cookies son necesarias para que nuestro sitio web funcione correctamente. Permiten la navegaci\u00f3n en el sitio y el uso de sus funcionalidades, como acceder a \u00e1reas seguras del sitio.<\/span><\/li>\n<li style=\"font-weight: 400;\" aria-level=\"1\">Cookies de Rendimiento<span style=\"font-weight: 400;\">: Estas cookies nos permiten contar las visitas y las fuentes de tr\u00e1fico para medir y mejorar el rendimiento de nuestro sitio web. Nos ayudan a saber qu\u00e9 p\u00e1ginas son las m\u00e1s y menos populares y a ver c\u00f3mo se mueven los visitantes por el sitio.<\/span><\/li>\n<li style=\"font-weight: 400;\" aria-level=\"1\">Cookies de Funcionalidad<span style=\"font-weight: 400;\">: Estas cookies permiten que nuestro sitio web recuerde las elecciones que haces (como tu nombre de usuario, idioma o regi\u00f3n) para ofrecerte caracter\u00edsticas mejoradas y m\u00e1s personalizadas.<\/span><\/li>\n<li style=\"font-weight: 400;\" aria-level=\"1\">Cookies de Publicidad<span style=\"font-weight: 400;\">: Utilizamos cookies para mostrarte anuncios que sean relevantes para ti y tus intereses. Tambi\u00e9n nos permiten medir la eficacia de nuestras campa\u00f1as publicitarias.<\/span><\/li>\n<\/ul>\n<ol start=\"3\">\n<li>\n<h3>Cookies de Terceros<\/h3>\n<\/li>\n<\/ol>\n<p><span style=\"font-weight: 400;\">Tambi\u00e9n podemos permitir que terceros (como redes publicitarias y proveedores de servicios anal\u00edticos) coloquen cookies en tu dispositivo. Estas cookies se utilizan para realizar seguimiento de tus visitas a diferentes sitios web y ofrecerte anuncios basados en tus intereses.<\/span><\/p>\n<ol start=\"4\">\n<li>\n<h3>Gesti\u00f3n de Cookies<\/h3>\n<\/li>\n<\/ol>\n<p><span style=\"font-weight: 400;\">Puedes gestionar tus preferencias de cookies a trav\u00e9s de la configuraci\u00f3n de tu navegador. La mayor\u00eda de los navegadores te permiten bloquear cookies o eliminar las cookies ya existentes. Ten en cuenta que bloquear o eliminar cookies puede afectar la funcionalidad de nuestro sitio web y limitar tu experiencia de navegaci\u00f3n.<\/span><\/p>\n<p><span style=\"font-weight: 400;\">Aqu\u00ed tienes c\u00f3mo gestionar las cookies en los navegadores m\u00e1s comunes:<\/span><\/p>\n<ul>\n<li style=\"font-weight: 400;\" aria-level=\"1\">Google Chrome<span style=\"font-weight: 400;\">: Enlace a la gu\u00eda de Chrome<\/span><\/li>\n<li style=\"font-weight: 400;\" aria-level=\"1\">Mozilla Firefox<span style=\"font-weight: 400;\">: <\/span><a href=\"https:\/\/support.mozilla.org\/en-US\/kb\/enable-and-disable-cookies-website-preferences\" target=\"_blank\" rel=\"noopener\"><span style=\"font-weight: 400;\">Enlace a la gu\u00eda de Firefox<\/span><\/a><\/li>\n<li style=\"font-weight: 400;\" aria-level=\"1\">Safari<span style=\"font-weight: 400;\">: <\/span><a href=\"https:\/\/support.apple.com\/en-us\/HT201265\" target=\"_blank\" rel=\"noopener\"><span style=\"font-weight: 400;\">Enlace a la gu\u00eda de Safari<\/span><\/a><\/li>\n<li style=\"font-weight: 400;\" aria-level=\"1\">Microsoft Edge<span style=\"font-weight: 400;\">: <\/span><a href=\"https:\/\/support.microsoft.com\/en-us\/help\/4468242\/microsoft-edge-browsing-data-and-privacy\" target=\"_blank\" rel=\"noopener\"><span style=\"font-weight: 400;\">Enlace a la gu\u00eda de Edge<\/span><\/a><\/li>\n<\/ul>\n<ol start=\"5\">\n<li>\n<h3>Cambios en la Pol\u00edtica de Cookies<\/h3>\n<\/li>\n<\/ol>\n<p><span style=\"font-weight: 400;\">Podemos actualizar nuestra pol\u00edtica de cookies de vez en cuando para reflejar cambios en la tecnolog\u00eda de cookies o en nuestras pr\u00e1cticas. Cualquier cambio ser\u00e1 publicado en esta p\u00e1gina con la fecha de la \u00faltima actualizaci\u00f3n.<\/span><\/p>\n<ol start=\"6\">\n<li>\n<h3>Contacto<\/h3>\n<\/li>\n<\/ol>\n<p><span style=\"font-weight: 400;\">Si tienes preguntas o inquietudes sobre nuestra pol\u00edtica de cookies, por favor cont\u00e1ctanos en:<\/span><\/p>\n<p><span style=\"font-weight: 400;\">Jeremy From Barcelona<\/span><span style=\"font-weight: 400;\"><br \/>\n<\/span><span style=\"font-weight: 400;\">Carrer de Begur, 56, 08028 Barcelona<\/span><span style=\"font-weight: 400;\"><br \/>\n<\/span><span style=\"font-weight: 400;\">info@jeremyfrombarcelona.com<\/span><span style=\"font-weight: 400;\"><br \/>\n<\/span><span style=\"font-weight: 400;\">00 34 623 03 83 24<\/span>[\/vc_column_text][\/vc_column][\/vc_row]\n","protected":false},"excerpt":{"rendered":"<p>[vc_row type=\u00bbin_container\u00bb full_screen_row_position=\u00bbmiddle\u00bb column_margin=\u00bbdefault\u00bb column_direction=\u00bbdefault\u00bb column_direction_tablet=\u00bbdefault\u00bb column_direction_phone=\u00bbdefault\u00bb scene_position=\u00bbcenter\u00bb text_color=\u00bbdark\u00bb text_align=\u00bbleft\u00bb row_border_radius=\u00bbnone\u00bb row_border_radius_applies=\u00bbbg\u00bb overflow=\u00bbvisible\u00bb overlay_strength=\u00bb0.3&#8243; gradient_direction=\u00bbleft_to_right\u00bb shape_divider_position=\u00bbbottom\u00bb bg_image_animation=\u00bbnone\u00bb][vc_column column_padding=\u00bbno-extra-padding\u00bb column_padding_tablet=\u00bbinherit\u00bb column_padding_phone=\u00bbinherit\u00bb column_padding_position=\u00bball\u00bb column_element_spacing=\u00bbdefault\u00bb background_color_opacity=\u00bb1&#8243; background_hover_color_opacity=\u00bb1&#8243; column_shadow=\u00bbnone\u00bb column_border_radius=\u00bbnone\u00bb column_link_target=\u00bb_self\u00bb column_position=\u00bbdefault\u00bb gradient_direction=\u00bbleft_to_right\u00bb overlay_strength=\u00bb0.3&#8243;&#8230;<\/p>\n","protected":false},"author":1,"featured_media":0,"parent":0,"menu_order":0,"comment_status":"closed","ping_status":"closed","template":"","meta":{"footnotes":""},"class_list":["post-284","page","type-page","status-publish"],"_links":{"self":[{"href":"https:\/\/jeremyfrombarcelona.com\/es\/wp-json\/wp\/v2\/pages\/284","targetHints":{"allow":["GET"]}}],"collection":[{"href":"https:\/\/jeremyfrombarcelona.com\/es\/wp-json\/wp\/v2\/pages"}],"about":[{"href":"https:\/\/jeremyfrombarcelona.com\/es\/wp-json\/wp\/v2\/types\/page"}],"author":[{"embeddable":true,"href":"https:\/\/jeremyfrombarcelona.com\/es\/wp-json\/wp\/v2\/users\/1"}],"replies":[{"embeddable":true,"href":"https:\/\/jeremyfrombarcelona.com\/es\/wp-json\/wp\/v2\/comments?post=284"}],"version-history":[{"count":1,"href":"https:\/\/jeremyfrombarcelona.com\/es\/wp-json\/wp\/v2\/pages\/284\/revisions"}],"predecessor-version":[{"id":286,"href":"https:\/\/jeremyfrombarcelona.com\/es\/wp-json\/wp\/v2\/pages\/284\/revisions\/286"}],"wp:attachment":[{"href":"https:\/\/jeremyfrombarcelona.com\/es\/wp-json\/wp\/v2\/media?parent=284"}],"curies":[{"name":"wp","href":"https:\/\/api.w.org\/{rel}","templated":true}]}}