{"id":1959,"date":"2025-08-25T15:51:36","date_gmt":"2025-08-25T13:51:36","guid":{"rendered":"https:\/\/jeremyfrombarcelona.com\/billetterie\/"},"modified":"2025-09-16T10:31:30","modified_gmt":"2025-09-16T08:31:30","slug":"entradas","status":"publish","type":"page","link":"https:\/\/jeremyfrombarcelona.com\/es\/entradas\/","title":{"rendered":"Entradas"},"content":{"rendered":"[vc_row type=\u00bbfull_width_background\u00bb full_screen_row_position=\u00bbmiddle\u00bb column_margin=\u00bb50px\u00bb column_direction=\u00bbdefault\u00bb column_direction_tablet=\u00bbdefault\u00bb column_direction_phone=\u00bbdefault\u00bb scene_position=\u00bbcenter\u00bb text_color=\u00bbdark\u00bb text_align=\u00bbleft\u00bb row_border_radius=\u00bbnone\u00bb row_border_radius_applies=\u00bbbg\u00bb overflow=\u00bbvisible\u00bb advanced_gradient_angle=\u00bb0&#8243; overlay_strength=\u00bb0.3&#8243; gradient_direction=\u00bbleft_to_right\u00bb shape_divider_position=\u00bbbottom\u00bb bg_image_animation=\u00bbnone\u00bb gradient_type=\u00bbdefault\u00bb shape_type=\u00bb\u00bb][vc_column column_padding=\u00bbno-extra-padding\u00bb column_padding_tablet=\u00bbinherit\u00bb column_padding_phone=\u00bbinherit\u00bb column_padding_position=\u00bball\u00bb column_element_spacing=\u00bbdefault\u00bb background_color_opacity=\u00bb1&#8243; background_hover_color_opacity=\u00bb1&#8243; column_shadow=\u00bbnone\u00bb column_border_radius=\u00bbnone\u00bb column_link_target=\u00bb_self\u00bb column_position=\u00bbdefault\u00bb gradient_direction=\u00bbleft_to_right\u00bb overlay_strength=\u00bb0.3&#8243; width=\u00bb1\/1&#8243; tablet_width_inherit=\u00bbdefault\u00bb tablet_text_alignment=\u00bbdefault\u00bb phone_text_alignment=\u00bbdefault\u00bb animation_type=\u00bbdefault\u00bb bg_image_animation=\u00bbnone\u00bb border_type=\u00bbsimple\u00bb column_border_width=\u00bbnone\u00bb column_border_style=\u00bbsolid\u00bb][vc_row_inner equal_height=\u00bbyes\u00bb content_placement=\u00bbmiddle\u00bb column_margin=\u00bb80px\u00bb column_direction=\u00bbdefault\u00bb column_direction_tablet=\u00bbdefault\u00bb column_direction_phone=\u00bbdefault\u00bb text_align=\u00bbleft\u00bb row_position=\u00bbdefault\u00bb row_position_tablet=\u00bbinherit\u00bb row_position_phone=\u00bbinherit\u00bb overflow=\u00bbvisible\u00bb pointer_events=\u00bball\u00bb][vc_column_inner column_padding=\u00bbno-extra-padding\u00bb column_padding_tablet=\u00bbinherit\u00bb column_padding_phone=\u00bbinherit\u00bb column_padding_position=\u00bball\u00bb column_element_spacing=\u00bbdefault\u00bb background_color_opacity=\u00bb1&#8243; background_hover_color_opacity=\u00bb1&#8243; column_shadow=\u00bbnone\u00bb column_border_radius=\u00bbnone\u00bb column_link_target=\u00bb_self\u00bb gradient_direction=\u00bbleft_to_right\u00bb overlay_strength=\u00bb0.3&#8243; width=\u00bb2\/3&#8243; tablet_width_inherit=\u00bbdefault\u00bb animation_type=\u00bbdefault\u00bb bg_image_animation=\u00bbnone\u00bb border_type=\u00bbsimple\u00bb column_border_width=\u00bbnone\u00bb column_border_style=\u00bbsolid\u00bb][vc_column_text]\n<h1>Reserva tus entradas para los monumentos de Barcelona<\/h1>\n<p>\u00bfQuieres visitar los <strong>monumentos imprescindibles<\/strong> durante tu estancia en Barcelona?<\/p>\n<p>Adem\u00e1s de sus <strong><a href=\"https:\/\/jeremyfrombarcelona.com\/es\/\">visitas guiadas<\/a><\/strong>, J\u00e9r\u00e9my te propone aqu\u00ed <strong>una peque\u00f1a ayuda para organizar tus visitas por libre<\/strong>, a tu ritmo.<\/p>\n<p>Algunos de los monumentos m\u00e1s emblem\u00e1ticos de Barcelona requieren <strong>reserva anticipada<\/strong>, y los horarios pueden llenarse con varios d\u00edas de antelaci\u00f3n, sobre todo en temporada alta. En lugar de perder tiempo all\u00ed o llevarte una mala sorpresa, J\u00e9r\u00e9my comparte contigo sus <strong>recomendaciones personales<\/strong>: <strong>entradas oficiales<\/strong>, con acceso sin colas, seleccionadas a trav\u00e9s de <strong>un socio fiable<\/strong> (Tiqets).[\/vc_column_text][nectar_btn size=\u00bblarge\u00bb open_new_tab=\u00bbtrue\u00bb button_style=\u00bbregular\u00bb button_color_2=\u00bbAccent-Color\u00bb icon_family=\u00bbnone\u00bb text=\u00bbDescubre las entradas\u00bb url=\u00bbhttps:\/\/www.tiqets.com\/fr\/activites-attractions-barcelone-c66342\/?partner=jeremy_from_barcelona-176628&#038;tq_campaign=Lien+global\u00bb][\/vc_column_inner][vc_column_inner column_padding=\u00bbno-extra-padding\u00bb column_padding_tablet=\u00bbinherit\u00bb column_padding_phone=\u00bbinherit\u00bb column_padding_position=\u00bball\u00bb column_element_spacing=\u00bbdefault\u00bb background_color_opacity=\u00bb1&#8243; background_hover_color_opacity=\u00bb1&#8243; column_shadow=\u00bbnone\u00bb column_border_radius=\u00bbnone\u00bb column_link_target=\u00bb_self\u00bb gradient_direction=\u00bbleft_to_right\u00bb overlay_strength=\u00bb0.3&#8243; width=\u00bb1\/3&#8243; tablet_width_inherit=\u00bbdefault\u00bb animation_type=\u00bbdefault\u00bb bg_image_animation=\u00bbnone\u00bb border_type=\u00bbsimple\u00bb column_border_width=\u00bbnone\u00bb column_border_style=\u00bbsolid\u00bb][image_with_animation image_url=\u00bb1973&#8243; image_size=\u00bbfull\u00bb animation_type=\u00bbentrance\u00bb animation=\u00bbNone\u00bb hover_animation=\u00bbnone\u00bb alignment=\u00bb\u00bb border_radius=\u00bb20px\u00bb box_shadow=\u00bbnone\u00bb image_loading=\u00bbdefault\u00bb max_width=\u00bb100%\u00bb max_width_mobile=\u00bbdefault\u00bb][\/vc_column_inner][\/vc_row_inner][\/vc_column][\/vc_row][vc_row type=\u00bbfull_width_content\u00bb full_screen_row_position=\u00bbmiddle\u00bb column_margin=\u00bbdefault\u00bb column_direction=\u00bbdefault\u00bb column_direction_tablet=\u00bbdefault\u00bb column_direction_phone=\u00bbdefault\u00bb bg_color=\u00bb#f6f6f6&#8243; scene_position=\u00bbcenter\u00bb top_padding=\u00bb50&#8243; top_padding_phone=\u00bb50&#8243; top_margin=\u00bb50&#8243; text_color=\u00bbdark\u00bb text_align=\u00bbleft\u00bb row_border_radius=\u00bbnone\u00bb row_border_radius_applies=\u00bbbg\u00bb overflow=\u00bbvisible\u00bb advanced_gradient_angle=\u00bb0&#8243; overlay_strength=\u00bb0.3&#8243; gradient_direction=\u00bbleft_to_right\u00bb shape_divider_position=\u00bbbottom\u00bb bg_image_animation=\u00bbnone\u00bb gradient_type=\u00bbdefault\u00bb shape_type=\u00bb\u00bb][vc_column column_padding=\u00bbno-extra-padding\u00bb column_padding_tablet=\u00bbinherit\u00bb column_padding_phone=\u00bbinherit\u00bb column_padding_position=\u00bball\u00bb column_element_spacing=\u00bbdefault\u00bb background_color_opacity=\u00bb1&#8243; background_hover_color_opacity=\u00bb1&#8243; column_shadow=\u00bbnone\u00bb column_border_radius=\u00bbnone\u00bb column_link_target=\u00bb_self\u00bb column_position=\u00bbdefault\u00bb gradient_direction=\u00bbleft_to_right\u00bb overlay_strength=\u00bb0.3&#8243; width=\u00bb1\/1&#8243; tablet_width_inherit=\u00bbdefault\u00bb tablet_text_alignment=\u00bbdefault\u00bb phone_text_alignment=\u00bbdefault\u00bb animation_type=\u00bbdefault\u00bb bg_image_animation=\u00bbnone\u00bb border_type=\u00bbsimple\u00bb column_border_width=\u00bbnone\u00bb column_border_style=\u00bbsolid\u00bb][vc_column_text]\n<h2 style=\"text-align: center;\"><span style=\"color: #4477a0;\">Los Lugares imprescindibles <\/span><\/h2>\n[\/vc_column_text][\/vc_column][\/vc_row][vc_row type=\u00bbfull_width_content\u00bb full_screen_row_position=\u00bbmiddle\u00bb column_margin=\u00bb50px\u00bb equal_height=\u00bbyes\u00bb column_direction=\u00bbdefault\u00bb column_direction_tablet=\u00bbdefault\u00bb column_direction_phone=\u00bbdefault\u00bb bg_color=\u00bb#f6f6f6&#8243; scene_position=\u00bbcenter\u00bb top_padding=\u00bb50&#8243; bottom_padding=\u00bb50&#8243; left_padding_desktop=\u00bb100&#8243; right_padding_desktop=\u00bb100&#8243; left_padding_phone=\u00bb0&#8243; right_padding_phone=\u00bb0&#8243; constrain_group_7=\u00bbyes\u00bb constrain_group_8=\u00bbyes\u00bb constrain_group_12=\u00bbyes\u00bb text_color=\u00bbdark\u00bb text_align=\u00bbleft\u00bb row_border_radius=\u00bbnone\u00bb row_border_radius_applies=\u00bbbg\u00bb overflow=\u00bbvisible\u00bb advanced_gradient_angle=\u00bb0&#8243; overlay_strength=\u00bb0.3&#8243; gradient_direction=\u00bbleft_to_right\u00bb shape_divider_position=\u00bbbottom\u00bb bg_image_animation=\u00bbnone\u00bb gradient_type=\u00bbdefault\u00bb shape_type=\u00bb\u00bb][vc_column column_padding=\u00bbpadding-2-percent\u00bb column_padding_tablet=\u00bbinherit\u00bb column_padding_phone=\u00bbinherit\u00bb column_padding_position=\u00bball\u00bb constrain_group_2=\u00bbyes\u00bb bottom_margin_phone=\u00bb50&#8243; column_element_spacing=\u00bbdefault\u00bb background_color=\u00bb#ffffff\u00bb background_color_opacity=\u00bb1&#8243; background_hover_color_opacity=\u00bb1&#8243; column_shadow=\u00bbsmall_depth\u00bb column_border_radius=\u00bb20px\u00bb column_link_target=\u00bb_self\u00bb column_position=\u00bbdefault\u00bb advanced_gradient_angle=\u00bb0&#8243; gradient_direction=\u00bbleft_to_right\u00bb overlay_strength=\u00bb0.3&#8243; width=\u00bb1\/2&#8243; tablet_width_inherit=\u00bbdefault\u00bb tablet_text_alignment=\u00bbdefault\u00bb phone_text_alignment=\u00bbdefault\u00bb animation_type=\u00bbdefault\u00bb bg_image_animation=\u00bbnone\u00bb border_type=\u00bbsimple\u00bb column_border_width=\u00bbnone\u00bb gradient_type=\u00bbdefault\u00bb][vc_column_text]\n<h3><span style=\"font-size: 25px;\">Parc G\u00fcell<\/span><\/h3>\n<p>Un <strong>cl\u00e1sico<\/strong> que no te puedes perder si visitas Barcelona por primera vez.<\/p>\n<p><strong>\u00bfPor qu\u00e9 J\u00e9r\u00e9my recomienda esta entrada?<\/strong>[\/vc_column_text]<div class=\"nectar-fancy-ul\" data-list-icon=\"fa fa-check-square-o\" data-animation=\"false\" data-animation-delay=\"0\" data-color=\"extra-color-2\" data-spacing=\"default\" data-alignment=\"left\"> \n<ul>\n<li><strong>Acceso oficial al parque<\/strong> (zona de pago)<\/li>\n<li>Incluye un <strong>audiogu\u00eda<\/strong> para descubrir la historia y los secretos del lugar a tu ritmo<\/li>\n<li>No hace falta pasar por taquilla: <strong>entrada digital<\/strong> directamente en tu m\u00f3vil<\/li>\n<\/ul>\n <\/div>[vc_raw_html]JTNDZGl2JTIwZGF0YS10aXFldHMtd2lkZ2V0JTNEJTIyZGlzY292ZXJ5JTIyJTIwZGF0YS1jYXJkcy1sYXlvdXQlM0QlMjJyZXNwb25zaXZlJTIyJTIwZGF0YS1zbHVnLWlkcyUzRCUyMnBybzExMTE1MTQlMjIlMjBkYXRhLXBhcnRuZXIlM0QlMjJqZXJlbXlfZnJvbV9iYXJjZWxvbmEtMTc2NjI4JTIyJTNFJTNDJTJGZGl2JTNFJTNDc2NyaXB0JTIwZGVmZXIlMjBzcmMlM0QlMjJodHRwcyUzQSUyRiUyRndpZGdldHMudGlxZXRzLmNvbSUyRmxvYWRlci5qcyUyMiUzRSUzQyUyRnNjcmlwdCUzRQ==[\/vc_raw_html][vc_column_text]\n<p style=\"text-align: center;\"><strong>\u00bfQuieres visitar este monumento con un gu\u00eda?<\/strong><br \/>\n<strong><a href=\"https:\/\/jeremyfrombarcelona.com\/es\/tours\/parc-guell\/\">Reserva una visita guiada privada al Parc G\u00fcell<\/a><\/strong>[\/vc_column_text][\/vc_column][vc_column column_padding=\u00bbpadding-2-percent\u00bb column_padding_tablet=\u00bbinherit\u00bb column_padding_phone=\u00bbinherit\u00bb column_padding_position=\u00bball\u00bb column_element_spacing=\u00bbdefault\u00bb background_color=\u00bb#ffffff\u00bb background_color_opacity=\u00bb1&#8243; background_hover_color_opacity=\u00bb1&#8243; column_shadow=\u00bbsmall_depth\u00bb column_border_radius=\u00bb20px\u00bb column_link_target=\u00bb_self\u00bb column_position=\u00bbdefault\u00bb advanced_gradient_angle=\u00bb0&#8243; gradient_direction=\u00bbleft_to_right\u00bb overlay_strength=\u00bb0.3&#8243; width=\u00bb1\/2&#8243; tablet_width_inherit=\u00bbdefault\u00bb tablet_text_alignment=\u00bbdefault\u00bb phone_text_alignment=\u00bbdefault\u00bb animation_type=\u00bbdefault\u00bb bg_image_animation=\u00bbnone\u00bb border_type=\u00bbsimple\u00bb column_border_width=\u00bbnone\u00bb gradient_type=\u00bbdefault\u00bb][vc_column_text]\n<h3><span style=\"font-size: 25px;\">Sagrada Fam\u00edlia<\/span><\/h3>\n<p><strong>El imprescindible<\/strong> de Barcelona, para visitar a tu ritmo.<\/p>\n<p><strong>\u00bfPor qu\u00e9 J\u00e9r\u00e9my recomienda esta entrada?<\/strong>[\/vc_column_text]<div class=\"nectar-fancy-ul\" data-list-icon=\"fa fa-check-square-o\" data-animation=\"false\" data-animation-delay=\"0\" data-color=\"extra-color-2\" data-spacing=\"default\" data-alignment=\"left\"> \n<ul>\n<li><strong>Acceso r\u00e1pido garantizado<\/strong>, sin hacer cola en taquilla: un verdadero ahorro de tiempo, sobre todo en temporada alta<\/li>\n<li><strong>Audiogu\u00eda<\/strong> incluida a trav\u00e9s de la app oficial, para descubrir a tu ritmo las maravillas de esta bas\u00edlica ic\u00f3nica<\/li>\n<li><strong>Acceso opcional a las torres<\/strong>, para disfrutar de las vistas de Barcelona seg\u00fan tus preferencias<\/li>\n<\/ul>\n <\/div>[vc_raw_html]JTNDZGl2JTIwZGF0YS10aXFldHMtd2lkZ2V0JTNEJTIyZGlzY292ZXJ5JTIyJTIwZGF0YS1jYXJkcy1sYXlvdXQlM0QlMjJyZXNwb25zaXZlJTIyJTIwZGF0YS1zbHVnLWlkcyUzRCUyMnBybzExMTE0MDAlMjIlMjBkYXRhLXBhcnRuZXIlM0QlMjJqZXJlbXlfZnJvbV9iYXJjZWxvbmEtMTc2NjI4JTIyJTNFJTNDJTJGZGl2JTNFJTNDc2NyaXB0JTIwZGVmZXIlMjBzcmMlM0QlMjJodHRwcyUzQSUyRiUyRndpZGdldHMudGlxZXRzLmNvbSUyRmxvYWRlci5qcyUyMiUzRSUzQyUyRnNjcmlwdCUzRQ==[\/vc_raw_html][vc_column_text]\n<p style=\"text-align: center;\"><strong>\u00bfQuieres visitar este monumento con un gu\u00eda?<\/strong><br \/>\n<a href=\"https:\/\/jeremyfrombarcelona.com\/es\/tours\/sagrada-familia\/\"><strong>Reserva una visita guiada privada a la Sagrada Fam\u00edlia<\/strong><\/a>[\/vc_column_text][\/vc_column][\/vc_row][vc_row type=\u00bbfull_width_content\u00bb full_screen_row_position=\u00bbmiddle\u00bb column_margin=\u00bb50px\u00bb equal_height=\u00bbyes\u00bb column_direction=\u00bbdefault\u00bb column_direction_tablet=\u00bbdefault\u00bb column_direction_phone=\u00bbdefault\u00bb bg_color=\u00bb#f6f6f6&#8243; scene_position=\u00bbcenter\u00bb bottom_padding=\u00bb50&#8243; left_padding_desktop=\u00bb100&#8243; right_padding_desktop=\u00bb100&#8243; bottom_padding_phone=\u00bb50&#8243; left_padding_phone=\u00bb0&#8243; right_padding_phone=\u00bb0&#8243; constrain_group_8=\u00bbyes\u00bb text_color=\u00bbdark\u00bb text_align=\u00bbleft\u00bb row_border_radius=\u00bbnone\u00bb row_border_radius_applies=\u00bbbg\u00bb overflow=\u00bbvisible\u00bb advanced_gradient_angle=\u00bb0&#8243; overlay_strength=\u00bb0.3&#8243; gradient_direction=\u00bbleft_to_right\u00bb shape_divider_position=\u00bbbottom\u00bb bg_image_animation=\u00bbnone\u00bb gradient_type=\u00bbdefault\u00bb shape_type=\u00bb\u00bb][vc_column column_padding=\u00bbpadding-2-percent\u00bb column_padding_tablet=\u00bbinherit\u00bb column_padding_phone=\u00bbinherit\u00bb column_padding_position=\u00bball\u00bb constrain_group_2=\u00bbyes\u00bb bottom_margin_phone=\u00bb50&#8243; column_element_spacing=\u00bbdefault\u00bb background_color=\u00bb#ffffff\u00bb background_color_opacity=\u00bb1&#8243; background_hover_color_opacity=\u00bb1&#8243; column_shadow=\u00bbsmall_depth\u00bb column_border_radius=\u00bb20px\u00bb column_link_target=\u00bb_self\u00bb column_position=\u00bbdefault\u00bb advanced_gradient_angle=\u00bb0&#8243; gradient_direction=\u00bbleft_to_right\u00bb overlay_strength=\u00bb0.3&#8243; width=\u00bb1\/2&#8243; tablet_width_inherit=\u00bbdefault\u00bb tablet_text_alignment=\u00bbdefault\u00bb phone_text_alignment=\u00bbdefault\u00bb animation_type=\u00bbdefault\u00bb bg_image_animation=\u00bbnone\u00bb border_type=\u00bbsimple\u00bb column_border_width=\u00bbnone\u00bb gradient_type=\u00bbdefault\u00bb][vc_column_text]\n<h3><span style=\"font-size: 25px;\">Casa Batll\u00f3<\/span><\/h3>\n<p>Una visita inmersiva al coraz\u00f3n del <strong>universo de Gaud\u00ed<\/strong>.<\/p>\n<p><strong>\u00bfPor qu\u00e9 J\u00e9r\u00e9my recomienda esta entrada?<\/strong>[\/vc_column_text]<div class=\"nectar-fancy-ul\" data-list-icon=\"fa fa-check-square-o\" data-animation=\"false\" data-animation-delay=\"0\" data-color=\"extra-color-2\" data-spacing=\"default\" data-alignment=\"left\"> \n<ul>\n<li><strong>Acceso oficial<\/strong> a una de las obras modernistas m\u00e1s emblem\u00e1ticas de Barcelona<\/li>\n<li><strong>SmartGuide incluido<\/strong> (audio + realidad aumentada), para una experiencia divertida e interactiva a tu ritmo<\/li>\n<li><strong>Diversas modalidades disponibles<\/strong> (Standard, Silver, Gold, Platinum), seg\u00fan el nivel de acceso y extras que desees<\/li>\n<\/ul>\n <\/div>[vc_raw_html]JTNDZGl2JTIwZGF0YS10aXFldHMtd2lkZ2V0JTNEJTIyZGlzY292ZXJ5JTIyJTIwZGF0YS1jYXJkcy1sYXlvdXQlM0QlMjJyZXNwb25zaXZlJTIyJTIwZGF0YS1zbHVnLWlkcyUzRCUyMnBybzExMTEzNjMlMjIlMjBkYXRhLXBhcnRuZXIlM0QlMjJqZXJlbXlfZnJvbV9iYXJjZWxvbmEtMTc2NjI4JTIyJTNFJTNDJTJGZGl2JTNFJTNDc2NyaXB0JTIwZGVmZXIlMjBzcmMlM0QlMjJodHRwcyUzQSUyRiUyRndpZGdldHMudGlxZXRzLmNvbSUyRmxvYWRlci5qcyUyMiUzRSUzQyUyRnNjcmlwdCUzRQ==[\/vc_raw_html][vc_column_text]\n<p style=\"text-align: center;\"><strong>\u00bfQuieres visitar este monumento con un gu\u00eda?<\/strong><br \/>\n<strong><a href=\"https:\/\/jeremyfrombarcelona.com\/es\/tours\/casa-batllo\/\">Reserva una visita guiada privada a la Casa Batll\u00f3<\/a><\/strong>[\/vc_column_text][\/vc_column][vc_column column_padding=\u00bbpadding-2-percent\u00bb column_padding_tablet=\u00bbinherit\u00bb column_padding_phone=\u00bbinherit\u00bb column_padding_position=\u00bball\u00bb column_element_spacing=\u00bbdefault\u00bb background_color=\u00bb#ffffff\u00bb background_color_opacity=\u00bb1&#8243; background_hover_color_opacity=\u00bb1&#8243; column_shadow=\u00bbsmall_depth\u00bb column_border_radius=\u00bb20px\u00bb column_link_target=\u00bb_self\u00bb column_position=\u00bbdefault\u00bb advanced_gradient_angle=\u00bb0&#8243; gradient_direction=\u00bbleft_to_right\u00bb overlay_strength=\u00bb0.3&#8243; width=\u00bb1\/2&#8243; tablet_width_inherit=\u00bbdefault\u00bb tablet_text_alignment=\u00bbdefault\u00bb phone_text_alignment=\u00bbdefault\u00bb animation_type=\u00bbdefault\u00bb bg_image_animation=\u00bbnone\u00bb border_type=\u00bbsimple\u00bb column_border_width=\u00bbnone\u00bb gradient_type=\u00bbdefault\u00bb][vc_column_text]\n<h3><span style=\"font-size: 25px;\">Casa Mil\u00e0<\/span><\/h3>\n<p>Una <strong>visita inmersiva<\/strong> para explorar la obra de Gaud\u00ed a tu ritmo.<\/p>\n<p><strong>\u00bfPor qu\u00e9 J\u00e9r\u00e9my recomienda esta entrada?<\/strong>[\/vc_column_text]<div class=\"nectar-fancy-ul\" data-list-icon=\"fa fa-check-square-o\" data-animation=\"false\" data-animation-delay=\"0\" data-color=\"extra-color-2\" data-spacing=\"default\" data-alignment=\"left\"> \n<ul>\n<li><strong>Visita completa<\/strong>: desde la espectacular azotea hasta el apartamento-museo y el patio interior<\/li>\n<li><strong>Acceso r\u00e1pido garantizado<\/strong>, sin hacer cola en la entrada<\/li>\n<li><strong>Audiogu\u00eda incluida<\/strong>, para explorar libremente la arquitectura y los secretos de este edificio ic\u00f3nico<\/li>\n<\/ul>\n <\/div>[vc_raw_html]JTNDZGl2JTIwZGF0YS10aXFldHMtd2lkZ2V0JTNEJTIyZGlzY292ZXJ5JTIyJTIwZGF0YS1jYXJkcy1sYXlvdXQlM0QlMjJyZXNwb25zaXZlJTIyJTIwZGF0YS1zbHVnLWlkcyUzRCUyMnBybzk3MzQ2MCUyMiUyMGRhdGEtcGFydG5lciUzRCUyMmplcmVteV9mcm9tX2JhcmNlbG9uYS0xNzY2MjglMjIlM0UlM0MlMkZkaXYlM0UlM0NzY3JpcHQlMjBkZWZlciUyMHNyYyUzRCUyMmh0dHBzJTNBJTJGJTJGd2lkZ2V0cy50aXFldHMuY29tJTJGbG9hZGVyLmpzJTIyJTNFJTNDJTJGc2NyaXB0JTNF[\/vc_raw_html][\/vc_column][\/vc_row][vc_row type=\u00bbin_container\u00bb full_screen_row_position=\u00bbmiddle\u00bb column_margin=\u00bbdefault\u00bb column_direction=\u00bbdefault\u00bb column_direction_tablet=\u00bbdefault\u00bb column_direction_phone=\u00bbdefault\u00bb scene_position=\u00bbcenter\u00bb top_margin=\u00bb50&#8243; left_margin=\u00bb200&#8243; right_margin=\u00bb200&#8243; top_margin_phone=\u00bb70&#8243; left_margin_phone=\u00bb0&#8243; right_margin_phone=\u00bb0&#8243; text_color=\u00bbdark\u00bb text_align=\u00bbleft\u00bb row_border_radius=\u00bbnone\u00bb row_border_radius_applies=\u00bbbg\u00bb overflow=\u00bbvisible\u00bb advanced_gradient_angle=\u00bb0&#8243; overlay_strength=\u00bb0.3&#8243; gradient_direction=\u00bbleft_to_right\u00bb shape_divider_position=\u00bbbottom\u00bb bg_image_animation=\u00bbnone\u00bb gradient_type=\u00bbdefault\u00bb shape_type=\u00bb\u00bb][vc_column column_padding=\u00bbno-extra-padding\u00bb column_padding_tablet=\u00bbinherit\u00bb column_padding_phone=\u00bbinherit\u00bb column_padding_position=\u00bball\u00bb column_element_spacing=\u00bbdefault\u00bb background_color_opacity=\u00bb1&#8243; background_hover_color_opacity=\u00bb1&#8243; column_shadow=\u00bbnone\u00bb column_border_radius=\u00bbnone\u00bb column_link_target=\u00bb_self\u00bb column_position=\u00bbdefault\u00bb gradient_direction=\u00bbleft_to_right\u00bb overlay_strength=\u00bb0.3&#8243; width=\u00bb1\/1&#8243; tablet_width_inherit=\u00bbdefault\u00bb tablet_text_alignment=\u00bbdefault\u00bb phone_text_alignment=\u00bbdefault\u00bb animation_type=\u00bbdefault\u00bb bg_image_animation=\u00bbnone\u00bb border_type=\u00bbsimple\u00bb column_border_width=\u00bbnone\u00bb column_border_style=\u00bbsolid\u00bb][vc_row_inner column_margin=\u00bbdefault\u00bb column_direction=\u00bbdefault\u00bb column_direction_tablet=\u00bbdefault\u00bb column_direction_phone=\u00bbdefault\u00bb text_align=\u00bbleft\u00bb row_position=\u00bbdefault\u00bb row_position_tablet=\u00bbinherit\u00bb row_position_phone=\u00bbinherit\u00bb overflow=\u00bbvisible\u00bb pointer_events=\u00bball\u00bb][vc_column_inner column_padding=\u00bbno-extra-padding\u00bb column_padding_tablet=\u00bbinherit\u00bb column_padding_phone=\u00bbinherit\u00bb column_padding_position=\u00bball\u00bb column_element_spacing=\u00bbdefault\u00bb background_color_opacity=\u00bb1&#8243; background_hover_color_opacity=\u00bb1&#8243; column_shadow=\u00bbnone\u00bb column_border_radius=\u00bbnone\u00bb column_link_target=\u00bb_self\u00bb gradient_direction=\u00bbleft_to_right\u00bb overlay_strength=\u00bb0.3&#8243; width=\u00bb1\/1&#8243; tablet_width_inherit=\u00bbdefault\u00bb animation_type=\u00bbdefault\u00bb bg_image_animation=\u00bbnone\u00bb border_type=\u00bbsimple\u00bb column_border_width=\u00bbnone\u00bb column_border_style=\u00bbsolid\u00bb][vc_column_text]\n<h2 style=\"text-align: center;\">Sobre las entradas<\/h2>\n[\/vc_column_text][\/vc_column_inner][\/vc_row_inner][vc_raw_html]JTVCV1BTTV9BQyUyMGlkJTNEMTk2MyU1RA==[\/vc_raw_html][\/vc_column][\/vc_row][vc_row type=\u00bbin_container\u00bb full_screen_row_position=\u00bbmiddle\u00bb column_margin=\u00bbdefault\u00bb column_direction=\u00bbdefault\u00bb column_direction_tablet=\u00bbdefault\u00bb column_direction_phone=\u00bbdefault\u00bb scene_position=\u00bbcenter\u00bb top_margin=\u00bb100&#8243; text_color=\u00bbdark\u00bb text_align=\u00bbleft\u00bb row_border_radius=\u00bbnone\u00bb row_border_radius_applies=\u00bbbg\u00bb overflow=\u00bbvisible\u00bb advanced_gradient_angle=\u00bb0&#8243; overlay_strength=\u00bb0.3&#8243; gradient_direction=\u00bbleft_to_right\u00bb shape_divider_position=\u00bbbottom\u00bb bg_image_animation=\u00bbnone\u00bb gradient_type=\u00bbdefault\u00bb shape_type=\u00bb\u00bb][vc_column column_padding=\u00bbno-extra-padding\u00bb column_padding_tablet=\u00bbinherit\u00bb column_padding_phone=\u00bbinherit\u00bb column_padding_position=\u00bball\u00bb column_element_spacing=\u00bbdefault\u00bb background_color_opacity=\u00bb1&#8243; background_hover_color_opacity=\u00bb1&#8243; column_shadow=\u00bbnone\u00bb column_border_radius=\u00bbnone\u00bb column_link_target=\u00bb_self\u00bb column_position=\u00bbdefault\u00bb gradient_direction=\u00bbleft_to_right\u00bb overlay_strength=\u00bb0.3&#8243; width=\u00bb1\/1&#8243; tablet_width_inherit=\u00bbdefault\u00bb tablet_text_alignment=\u00bbdefault\u00bb phone_text_alignment=\u00bbdefault\u00bb animation_type=\u00bbdefault\u00bb bg_image_animation=\u00bbnone\u00bb border_type=\u00bbsimple\u00bb column_border_width=\u00bbnone\u00bb column_border_style=\u00bbsolid\u00bb][nectar_global_section id=\u00bb270&#8243;][\/vc_column][\/vc_row]\n","protected":false},"excerpt":{"rendered":"<p>[vc_row type=\u00bbfull_width_background\u00bb full_screen_row_position=\u00bbmiddle\u00bb column_margin=\u00bb50px\u00bb column_direction=\u00bbdefault\u00bb column_direction_tablet=\u00bbdefault\u00bb column_direction_phone=\u00bbdefault\u00bb scene_position=\u00bbcenter\u00bb text_color=\u00bbdark\u00bb text_align=\u00bbleft\u00bb row_border_radius=\u00bbnone\u00bb row_border_radius_applies=\u00bbbg\u00bb overflow=\u00bbvisible\u00bb advanced_gradient_angle=\u00bb0&#8243; overlay_strength=\u00bb0.3&#8243; gradient_direction=\u00bbleft_to_right\u00bb shape_divider_position=\u00bbbottom\u00bb bg_image_animation=\u00bbnone\u00bb gradient_type=\u00bbdefault\u00bb shape_type=\u00bb\u00bb][vc_column column_padding=\u00bbno-extra-padding\u00bb column_padding_tablet=\u00bbinherit\u00bb column_padding_phone=\u00bbinherit\u00bb column_padding_position=\u00bball\u00bb column_element_spacing=\u00bbdefault\u00bb background_color_opacity=\u00bb1&#8243; background_hover_color_opacity=\u00bb1&#8243; column_shadow=\u00bbnone\u00bb column_border_radius=\u00bbnone\u00bb column_link_target=\u00bb_self\u00bb&#8230;<\/p>\n","protected":false},"author":2,"featured_media":0,"parent":0,"menu_order":0,"comment_status":"closed","ping_status":"closed","template":"","meta":{"footnotes":""},"class_list":["post-1959","page","type-page","status-publish"],"_links":{"self":[{"href":"https:\/\/jeremyfrombarcelona.com\/es\/wp-json\/wp\/v2\/pages\/1959","targetHints":{"allow":["GET"]}}],"collection":[{"href":"https:\/\/jeremyfrombarcelona.com\/es\/wp-json\/wp\/v2\/pages"}],"about":[{"href":"https:\/\/jeremyfrombarcelona.com\/es\/wp-json\/wp\/v2\/types\/page"}],"author":[{"embeddable":true,"href":"https:\/\/jeremyfrombarcelona.com\/es\/wp-json\/wp\/v2\/users\/2"}],"replies":[{"embeddable":true,"href":"https:\/\/jeremyfrombarcelona.com\/es\/wp-json\/wp\/v2\/comments?post=1959"}],"version-history":[{"count":5,"href":"https:\/\/jeremyfrombarcelona.com\/es\/wp-json\/wp\/v2\/pages\/1959\/revisions"}],"predecessor-version":[{"id":1976,"href":"https:\/\/jeremyfrombarcelona.com\/es\/wp-json\/wp\/v2\/pages\/1959\/revisions\/1976"}],"wp:attachment":[{"href":"https:\/\/jeremyfrombarcelona.com\/es\/wp-json\/wp\/v2\/media?parent=1959"}],"curies":[{"name":"wp","href":"https:\/\/api.w.org\/{rel}","templated":true}]}}